{"id":341,"date":"2022-09-20T07:52:35","date_gmt":"2022-09-20T05:52:35","guid":{"rendered":"https:\/\/www.entwicklung-sl.de\/?page_id=341"},"modified":"2023-01-04T08:44:13","modified_gmt":"2023-01-04T07:44:13","slug":"natuerlich-gesund-bauen","status":"publish","type":"page","link":"https:\/\/www.entwicklung-sl.de\/en\/natuerlich-gesund-bauen\/","title":{"rendered":"nat\u00fcrlich gesund bauen"},"content":{"rendered":"<p>[et_pb_section fb_built=&#8221;1&#8243; _builder_version=&#8221;4.16&#8243; background_color=&#8221;#ffeed5&#8243; custom_padding=&#8221;0px|||||&#8221; global_colors_info=&#8221;{}&#8221;][et_pb_row _builder_version=&#8221;4.16&#8243; background_size=&#8221;initial&#8221; background_position=&#8221;top_left&#8221; background_repeat=&#8221;repeat&#8221; global_colors_info=&#8221;{}&#8221;][et_pb_column type=&#8221;4_4&#8243; _builder_version=&#8221;4.16&#8243; custom_padding=&#8221;|||&#8221; global_colors_info=&#8221;{}&#8221; custom_padding__hover=&#8221;|||&#8221;][et_pb_text module_class=&#8221;pa-toggle-text&#8221; _builder_version=&#8221;4.19.2&#8243; header_2_text_align=&#8221;center&#8221; header_2_line_height=&#8221;2em&#8221; background_color=&#8221;rgba(0,0,0,0)&#8221; background_enable_image=&#8221;off&#8221; background_size=&#8221;initial&#8221; background_repeat=&#8221;repeat&#8221; min_height=&#8221;151.5px&#8221; custom_margin=&#8221;||1px|||&#8221; custom_padding=&#8221;||0px|||&#8221; global_colors_info=&#8221;{}&#8221;]<\/p>\n<h1 style=\"text-align: center;\"><img loading=\"lazy\" decoding=\"async\" src=\"https:\/\/www.entwicklung-sl.de\/wp-content\/uploads\/2022\/12\/IMG_2057-geschnitten-209x300.jpg\" width=\"209\" height=\"300\" alt=\"\" class=\"wp-image-863 alignleft size-medium\" \/>Nat\u00fcrlich gesund Bauen<\/h1>\n<h2 style=\"text-align: center;\">Ein gesundes Daheim erschaffen, in dem man sich wohl f\u00fchlt<\/h2>\n<p>Ich bin Bauingenieurin geworden aus dem Wunsch heraus H\u00e4user zu bauen und Orte zu schaffen, die eine f\u00fcr den Menschen sch\u00f6ne Energie haben und in denen man sich pudelwohl f\u00fchlt. In meiner Vergangenheit war das anders. Aber jetzt lebe ich meine Vision und verwirkliche meinen Wunsch und zwar gemeinsam mit den Menschen, die das gleiche Ziel haben.<\/p>\n<p>Meine Vision ist es, lebenswerte und liebenswerte Ortschaften und &#8220;Zuhause&#8221;. Diese Orte sollen dazu dienen, dass die Menschen dort gesund leben k\u00f6nnen, sich wohl f\u00fchlen, in der Gemeinschaft leben, versorgen und arbeiten. Regional hergestellte Produkte sollen dort genauso einen Platz finden, wie auch Wohlf\u00fchloasen, Spielpl\u00e4tze, Parks, B\u00e4ume, Caf\u00e9s, Restaurants, kleinere und gr\u00f6\u00dfere Anbaufl\u00e4chen f\u00fcr die \u201eessbare, liebenswerte Stadt\u201c.<\/p>\n<p>Der Mensch ist nicht f\u00fcr die Isolation und Anonymit\u00e4t gemacht. Au\u00dferhalb der Anonymit\u00e4t und in Wohlf\u00fchlbereichen wird ein echtes Miteinander angeregt. Bei einem gesunden Zusammenleben und gegenseitiger Unterst\u00fctzung w\u00e4chst der einzelne und die Gemeinschaft und die Kreativit\u00e4t und der Ideenreichtum k\u00f6nnen sich entwickeln.<\/p>\n<p>Jetzt ist die Zeit daf\u00fcr gekommen, dass sich Menschen zusammentun, positiven Umstrukturierungen ansto\u00dfen und wieder liebenswerte St\u00e4dte und D\u00f6rfer erschaffen.<\/p>\n<p>Mir schwebt ein Br\u00fcckenschlag vor zwischen Wohnen, Arbeiten, Leben, Schaffen, Anbauen, Gemeinschaft, Versorgen und auch dem wichtigen \u201eSich-zur\u00fcckziehen und genie\u00dfen-k\u00f6nnen\u201c.<\/p>\n<p>Wieso sollte man immer nur in Gro\u00dfst\u00e4dten Arbeit finden und in sehr \u00fcberteuerte Ortschaften ziehen und leben m\u00fcssen? Der l\u00e4ndliche Bereich, die D\u00f6rfer und Kleinst\u00e4dte leiden oft unter \u00dcberalterung, Arbeitslosigkeit, Perspektivlosigkeit und Wegzug, nur weil es vor Ort keine Arbeit gibt.<\/p>\n<p>Wie w\u00e4re es, wenn wir gemeinsam Ortschaften sch\u00fcfen, in denen man bei Bedarf in eigens daf\u00fcr bereit gestellten B\u00fcros arbeiten kann? Homeoffice ist zwischendurch ja ganz nett, aber auf Dauer doch sehr einsam. Dort wo ein Austausch zwischen Menschen stattfindet, sprudeln auch Sch\u00f6pferkraft und Ideen. Dann ist auch die Atmosph\u00e4re gut und fruchtbar und ein Austausch auf Augenh\u00f6he wird m\u00f6glich.<\/p>\n<p>Meine Sehnsucht teile ich mit vielen Menschen. Sie wollen wieder einen liebenswerten und gesunden Lebensraum.<\/p>\n<p>Wenn dann noch zus\u00e4tzlich nat\u00fcrliche, gesunde Baumaterialien verwendet werden, dann ist es wirklich gelungen. Nat\u00fcrliche Materialien unterst\u00fctzen die Gesundheit und den Wohlf\u00fchlfaktor der in dem Geb\u00e4ude wohnenden Menschen. Durch nat\u00fcrliche Ressourcen und Verarbeitung wird auch die Umwelt geschont.<\/p>\n<p>Um bei solchen Ver\u00e4nderungen mitzumachen, bin ich Bauingenieurin geworden.<br \/>Daf\u00fcr m\u00f6chte ich gerne mein Wissen, meine Arbeits- und Schaffenskraft einsetzen.<br \/>Daf\u00fcr lerne ich st\u00e4ndig dazu, welche M\u00f6glichkeiten es gibt und mit welchen gesunden und nat\u00fcrlichen Materialien gebaut werden kann<\/p>\n<p>[\/et_pb_text][\/et_pb_column][\/et_pb_row][\/et_pb_section][et_pb_section fb_built=&#8221;1&#8243; _builder_version=&#8221;4.18.0&#8243; _module_preset=&#8221;default&#8221; background_color=&#8221;rgba(228,189,137,0.71)&#8221; use_background_color_gradient=&#8221;on&#8221; background_color_gradient_stops=&#8221;rgba(0,0,0,0) 0%|rgba(0,0,0,0) 100%&#8221; background_color_gradient_start=&#8221;rgba(0,0,0,0)&#8221; background_color_gradient_end=&#8221;rgba(0,0,0,0)&#8221; custom_margin=&#8221;||||false|false&#8221; bottom_divider_color=&#8221;#ffeed5&#8243; link_option_url_new_window=&#8221;on&#8221; global_colors_info=&#8221;{}&#8221;][et_pb_row _builder_version=&#8221;4.18.0&#8243; _module_preset=&#8221;default&#8221; custom_padding=&#8221;27px|||||&#8221; global_colors_info=&#8221;{}&#8221;][et_pb_column type=&#8221;4_4&#8243; _builder_version=&#8221;4.16&#8243; _module_preset=&#8221;default&#8221; global_colors_info=&#8221;{}&#8221;][et_pb_blurb title=&#8221;Das biete ich an&#8221; image=&#8221;http:\/\/www.entwicklung-sl.de\/wp-content\/uploads\/2022\/10\/Markus-LP-30-90-PANA4333-scaled.jpg&#8221; image_icon_width=&#8221;40%&#8221; content_max_width=&#8221;1100px&#8221; _builder_version=&#8221;4.19.4&#8243; _module_preset=&#8221;default&#8221; header_level=&#8221;h1&#8243; header_text_align=&#8221;center&#8221; custom_margin=&#8221;50px||||false|false&#8221; hover_enabled=&#8221;0&#8243; border_radii_image=&#8221;on|100px|100px|100px|100px&#8221; box_shadow_style_image=&#8221;preset1&#8243; global_colors_info=&#8221;{}&#8221; sticky_enabled=&#8221;0&#8243;]<\/p>\n<h2><\/h2>\n<h3><\/h3>\n<h3>Seminare und Inspiration f\u00fcr Interessierte und Bauherren<\/h3>\n<p>&nbsp;<\/p>\n<p>Die Seminare und \u00fcbergreifende, generelle Beratung finden teils in Zusammenarbeit mit Carl-Philipp Cauer (praktizierender Heilpraktiker und Bauingenieur) statt, um alle Aspekte abdecken zu k\u00f6nnen, was gesundes und nat\u00fcrliches Bauen beinhaltet und uns an Nutzen bringt.<\/p>\n<p>Einige Beispiele:<\/p>\n<ul>\n<li>D\u00e4mmung aus Hanf, Schurwolle, Brennnessel, Holz, Seegras, Flachs, Zellulose, Jute<\/li>\n<li>Baumaterialen, Putze aus Lehm, Stroh, Holz, Ton, Hanf, &#8230;<\/li>\n<\/ul>\n<p><span style=\"text-decoration: underline;\">Seminare:<\/span> (Link zu den Seminaren ist im Aufbau und die Seite folgt in K\u00fcrze)<\/p>\n<p>&nbsp;<\/p>\n<h3><\/h3>\n<h3><\/h3>\n<h3><\/h3>\n<h3>Gemeinschaftliche Projektplanung Lebensr\u00e4ume<\/h3>\n<p>&nbsp;<\/p>\n<p>Freiberufliche Unterst\u00fctzung bei Gemeinschaftlichen Projektplanungen f\u00fcr die lebens-\/liebenswerte Stadt<\/p>\n<h3><\/h3>\n<h3><\/h3>\n<h3><\/h3>\n<h3>Ausschreibungen<\/h3>\n<p>&nbsp;<\/p>\n<p>Da ich an unterschiedlichen Orten arbeite, biete ich die freiberufliche, ortsunabh\u00e4ngige Bearbeitung von Leistungsverzeichnissen per Internet auf dem firmeneigenen Programm (Auftraggeber) an.<\/p>\n<h3><\/h3>\n<h3><\/h3>\n<h3><\/h3>\n<h3>Begleitende und beratende Baubetreuung kleinerer Bauvorhaben<\/h3>\n<p>&nbsp;<\/p>\n<p>Gerne unterst\u00fctze ich Dich mit beratender Baubetreuung von kleineren Bauvorhaben als freiberufliche Kraft.<\/p>\n<p>&nbsp;<\/p>\n<h3>Kontakt:<\/h3>\n<p>E-Mail: Entwicklung-SL\u00a0 (et)\u00a0 posteo.de<\/p>\n<p>[\/et_pb_blurb][\/et_pb_column][\/et_pb_row][\/et_pb_section]<\/p>\n","protected":false},"excerpt":{"rendered":"<p>Nat\u00fcrlich gesund Bauen Ein gesundes Daheim erschaffen, in dem man sich wohl f\u00fchlt Ich bin Bauingenieurin geworden aus dem Wunsch heraus H\u00e4user zu bauen und Orte zu schaffen, die eine f\u00fcr den Menschen sch\u00f6ne Energie haben und in denen man sich pudelwohl f\u00fchlt. In meiner Vergangenheit war das anders. Aber jetzt lebe ich meine Vision [&hellip;]<\/p>\n","protected":false},"author":1,"featured_media":0,"parent":0,"menu_order":0,"comment_status":"closed","ping_status":"closed","template":"","meta":{"_et_pb_use_builder":"on","_et_pb_old_content":"","_et_gb_content_width":"","footnotes":""},"class_list":["post-341","page","type-page","status-publish","hentry"],"yoast_head":"<!-- This site is optimized with the Yoast SEO plugin v27.5 - https:\/\/yoast.com\/product\/yoast-seo-wordpress\/ -->\n<title>nat\u00fcrlich gesund bauen - Bewirke was - tue was<\/title>\n<meta name=\"robots\" content=\"index, follow, max-snippet:-1, max-image-preview:large, max-video-preview:-1\" \/>\n<link rel=\"canonical\" href=\"https:\/\/www.entwicklung-sl.de\/en\/natuerlich-gesund-bauen\/\" \/>\n<meta property=\"og:locale\" content=\"en_US\" \/>\n<meta property=\"og:type\" content=\"article\" \/>\n<meta property=\"og:title\" content=\"nat\u00fcrlich gesund bauen - Bewirke was - tue was\" \/>\n<meta property=\"og:description\" content=\"Nat\u00fcrlich gesund Bauen Ein gesundes Daheim erschaffen, in dem man sich wohl f\u00fchlt Ich bin Bauingenieurin geworden aus dem Wunsch heraus H\u00e4user zu bauen und Orte zu schaffen, die eine f\u00fcr den Menschen sch\u00f6ne Energie haben und in denen man sich pudelwohl f\u00fchlt. In meiner Vergangenheit war das anders. Aber jetzt lebe ich meine Vision [&hellip;]\" \/>\n<meta property=\"og:url\" content=\"https:\/\/www.entwicklung-sl.de\/en\/natuerlich-gesund-bauen\/\" \/>\n<meta property=\"og:site_name\" content=\"Bewirke was - tue was\" \/>\n<meta property=\"article:modified_time\" content=\"2023-01-04T07:44:13+00:00\" \/>\n<meta property=\"og:image\" content=\"https:\/\/www.entwicklung-sl.de\/wp-content\/uploads\/2022\/12\/IMG_2057-geschnitten-209x300.jpg\" \/>\n<meta name=\"twitter:card\" content=\"summary_large_image\" \/>\n<meta name=\"twitter:label1\" content=\"Est. reading time\" \/>\n\t<meta name=\"twitter:data1\" content=\"4 minutes\" \/>\n<script type=\"application\/ld+json\" class=\"yoast-schema-graph\">{\"@context\":\"https:\\\/\\\/schema.org\",\"@graph\":[{\"@type\":\"WebPage\",\"@id\":\"https:\\\/\\\/www.entwicklung-sl.de\\\/natuerlich-gesund-bauen\\\/\",\"url\":\"https:\\\/\\\/www.entwicklung-sl.de\\\/natuerlich-gesund-bauen\\\/\",\"name\":\"nat\u00fcrlich gesund bauen - Bewirke was - tue was\",\"isPartOf\":{\"@id\":\"https:\\\/\\\/www.entwicklung-sl.de\\\/#website\"},\"primaryImageOfPage\":{\"@id\":\"https:\\\/\\\/www.entwicklung-sl.de\\\/natuerlich-gesund-bauen\\\/#primaryimage\"},\"image\":{\"@id\":\"https:\\\/\\\/www.entwicklung-sl.de\\\/natuerlich-gesund-bauen\\\/#primaryimage\"},\"thumbnailUrl\":\"https:\\\/\\\/www.entwicklung-sl.de\\\/wp-content\\\/uploads\\\/2022\\\/12\\\/IMG_2057-geschnitten-209x300.jpg\",\"datePublished\":\"2022-09-20T05:52:35+00:00\",\"dateModified\":\"2023-01-04T07:44:13+00:00\",\"breadcrumb\":{\"@id\":\"https:\\\/\\\/www.entwicklung-sl.de\\\/natuerlich-gesund-bauen\\\/#breadcrumb\"},\"inLanguage\":\"en-US\",\"potentialAction\":[{\"@type\":\"ReadAction\",\"target\":[\"https:\\\/\\\/www.entwicklung-sl.de\\\/natuerlich-gesund-bauen\\\/\"]}]},{\"@type\":\"ImageObject\",\"inLanguage\":\"en-US\",\"@id\":\"https:\\\/\\\/www.entwicklung-sl.de\\\/natuerlich-gesund-bauen\\\/#primaryimage\",\"url\":\"https:\\\/\\\/www.entwicklung-sl.de\\\/wp-content\\\/uploads\\\/2022\\\/12\\\/IMG_2057-geschnitten-209x300.jpg\",\"contentUrl\":\"https:\\\/\\\/www.entwicklung-sl.de\\\/wp-content\\\/uploads\\\/2022\\\/12\\\/IMG_2057-geschnitten-209x300.jpg\"},{\"@type\":\"BreadcrumbList\",\"@id\":\"https:\\\/\\\/www.entwicklung-sl.de\\\/natuerlich-gesund-bauen\\\/#breadcrumb\",\"itemListElement\":[{\"@type\":\"ListItem\",\"position\":1,\"name\":\"Startseite\",\"item\":\"https:\\\/\\\/www.entwicklung-sl.de\\\/\"},{\"@type\":\"ListItem\",\"position\":2,\"name\":\"nat\u00fcrlich gesund bauen\"}]},{\"@type\":\"WebSite\",\"@id\":\"https:\\\/\\\/www.entwicklung-sl.de\\\/#website\",\"url\":\"https:\\\/\\\/www.entwicklung-sl.de\\\/\",\"name\":\"Bewirke was - tue was\",\"description\":\"\",\"potentialAction\":[{\"@type\":\"SearchAction\",\"target\":{\"@type\":\"EntryPoint\",\"urlTemplate\":\"https:\\\/\\\/www.entwicklung-sl.de\\\/?s={search_term_string}\"},\"query-input\":{\"@type\":\"PropertyValueSpecification\",\"valueRequired\":true,\"valueName\":\"search_term_string\"}}],\"inLanguage\":\"en-US\"}]}<\/script>\n<!-- \/ Yoast SEO plugin. -->","yoast_head_json":{"title":"nat\u00fcrlich gesund bauen - Bewirke was - tue was","robots":{"index":"index","follow":"follow","max-snippet":"max-snippet:-1","max-image-preview":"max-image-preview:large","max-video-preview":"max-video-preview:-1"},"canonical":"https:\/\/www.entwicklung-sl.de\/en\/natuerlich-gesund-bauen\/","og_locale":"en_US","og_type":"article","og_title":"nat\u00fcrlich gesund bauen - Bewirke was - tue was","og_description":"Nat\u00fcrlich gesund Bauen Ein gesundes Daheim erschaffen, in dem man sich wohl f\u00fchlt Ich bin Bauingenieurin geworden aus dem Wunsch heraus H\u00e4user zu bauen und Orte zu schaffen, die eine f\u00fcr den Menschen sch\u00f6ne Energie haben und in denen man sich pudelwohl f\u00fchlt. In meiner Vergangenheit war das anders. Aber jetzt lebe ich meine Vision [&hellip;]","og_url":"https:\/\/www.entwicklung-sl.de\/en\/natuerlich-gesund-bauen\/","og_site_name":"Bewirke was - tue was","article_modified_time":"2023-01-04T07:44:13+00:00","og_image":[{"url":"https:\/\/www.entwicklung-sl.de\/wp-content\/uploads\/2022\/12\/IMG_2057-geschnitten-209x300.jpg","type":"","width":"","height":""}],"twitter_card":"summary_large_image","twitter_misc":{"Est. reading time":"4 minutes"},"schema":{"@context":"https:\/\/schema.org","@graph":[{"@type":"WebPage","@id":"https:\/\/www.entwicklung-sl.de\/natuerlich-gesund-bauen\/","url":"https:\/\/www.entwicklung-sl.de\/natuerlich-gesund-bauen\/","name":"nat\u00fcrlich gesund bauen - Bewirke was - tue was","isPartOf":{"@id":"https:\/\/www.entwicklung-sl.de\/#website"},"primaryImageOfPage":{"@id":"https:\/\/www.entwicklung-sl.de\/natuerlich-gesund-bauen\/#primaryimage"},"image":{"@id":"https:\/\/www.entwicklung-sl.de\/natuerlich-gesund-bauen\/#primaryimage"},"thumbnailUrl":"https:\/\/www.entwicklung-sl.de\/wp-content\/uploads\/2022\/12\/IMG_2057-geschnitten-209x300.jpg","datePublished":"2022-09-20T05:52:35+00:00","dateModified":"2023-01-04T07:44:13+00:00","breadcrumb":{"@id":"https:\/\/www.entwicklung-sl.de\/natuerlich-gesund-bauen\/#breadcrumb"},"inLanguage":"en-US","potentialAction":[{"@type":"ReadAction","target":["https:\/\/www.entwicklung-sl.de\/natuerlich-gesund-bauen\/"]}]},{"@type":"ImageObject","inLanguage":"en-US","@id":"https:\/\/www.entwicklung-sl.de\/natuerlich-gesund-bauen\/#primaryimage","url":"https:\/\/www.entwicklung-sl.de\/wp-content\/uploads\/2022\/12\/IMG_2057-geschnitten-209x300.jpg","contentUrl":"https:\/\/www.entwicklung-sl.de\/wp-content\/uploads\/2022\/12\/IMG_2057-geschnitten-209x300.jpg"},{"@type":"BreadcrumbList","@id":"https:\/\/www.entwicklung-sl.de\/natuerlich-gesund-bauen\/#breadcrumb","itemListElement":[{"@type":"ListItem","position":1,"name":"Startseite","item":"https:\/\/www.entwicklung-sl.de\/"},{"@type":"ListItem","position":2,"name":"nat\u00fcrlich gesund bauen"}]},{"@type":"WebSite","@id":"https:\/\/www.entwicklung-sl.de\/#website","url":"https:\/\/www.entwicklung-sl.de\/","name":"Bewirke was - tue was","description":"","potentialAction":[{"@type":"SearchAction","target":{"@type":"EntryPoint","urlTemplate":"https:\/\/www.entwicklung-sl.de\/?s={search_term_string}"},"query-input":{"@type":"PropertyValueSpecification","valueRequired":true,"valueName":"search_term_string"}}],"inLanguage":"en-US"}]}},"_links":{"self":[{"href":"https:\/\/www.entwicklung-sl.de\/en\/wp-json\/wp\/v2\/pages\/341","targetHints":{"allow":["GET"]}}],"collection":[{"href":"https:\/\/www.entwicklung-sl.de\/en\/wp-json\/wp\/v2\/pages"}],"about":[{"href":"https:\/\/www.entwicklung-sl.de\/en\/wp-json\/wp\/v2\/types\/page"}],"author":[{"embeddable":true,"href":"https:\/\/www.entwicklung-sl.de\/en\/wp-json\/wp\/v2\/users\/1"}],"replies":[{"embeddable":true,"href":"https:\/\/www.entwicklung-sl.de\/en\/wp-json\/wp\/v2\/comments?post=341"}],"version-history":[{"count":33,"href":"https:\/\/www.entwicklung-sl.de\/en\/wp-json\/wp\/v2\/pages\/341\/revisions"}],"predecessor-version":[{"id":879,"href":"https:\/\/www.entwicklung-sl.de\/en\/wp-json\/wp\/v2\/pages\/341\/revisions\/879"}],"wp:attachment":[{"href":"https:\/\/www.entwicklung-sl.de\/en\/wp-json\/wp\/v2\/media?parent=341"}],"curies":[{"name":"wp","href":"https:\/\/api.w.org\/{rel}","templated":true}]}}